{"id":42,"date":"2026-03-21T18:01:41","date_gmt":"2026-03-21T18:01:41","guid":{"rendered":"https:\/\/www.ekokamery.pl\/ekokamery\/?page_id=42"},"modified":"2026-03-21T18:09:42","modified_gmt":"2026-03-21T18:09:42","slug":"o-nas","status":"publish","type":"page","link":"https:\/\/ekokamery.pl\/?page_id=42","title":{"rendered":"O nas"},"content":{"rendered":"\n<p>Nasz projekt jest wsp\u00f3lnym przedsi\u0119wzi\u0119ciem firmy <strong>SilverLab<\/strong> od lat specjalizuj\u0105cej si\u0119 elektronicznych systemach bezpiecze\u0144stwa, monitoringu i ochrony mienia oraz fundacji edukacyjno-przyrodniczej EkoOko (www.ekoko.pl), dla  kt\u00f3rej ka\u017cda sprzeda\u017c jest dotacj\u0105 umo\u017clwiaj\u0105c\u0105 realizacj\u0119 cel\u00f3w statutowych.<\/p>\n\n\n\n<p>Co si\u0119 stanie, gdy po\u0142\u0105czymy wieloletnie do\u015bwiadczenie w systemach bezpiecze\u0144stwa z mi\u0142o\u015bci\u0105 do natury? Odpowied\u017a to <strong>EkoKamery<\/strong> \u2013 wsp\u00f3lny projekt firmy <strong>SilverLab<\/strong> oraz <strong>Fundacji EkoOko<\/strong>.<\/p>\n\n\n\n<p>Stworzyli\u015bmy system monitoringu, kt\u00f3ry nie tylko dba o bezpiecze\u0144stwo Twojej posesji, ale te\u017c zaprasza natur\u0119 prosto do Twojego telefonu. Zapomnij o plastikowych, rzucaj\u0105cych si\u0119 w oczy kamerach. Czas na dyskrecj\u0119 ukryt\u0105 w rzemie\u015blniczym drewnie.<\/p>\n\n\n\n<h3 class=\"wp-block-heading\"><strong>Dlaczego EkoKamery s\u0105 wyj\u0105tkowe?<\/strong><\/h3>\n\n\n\n<p>Nasz system to nie jest zwyk\u0142a fotopu\u0142apka. To modu\u0142owy ekosystem, kt\u00f3ry dostosowuje si\u0119 do Twoich potrzeb i p\u00f3r roku. Sercem zestawu jest zazwyczaj <strong>elegancka, drewniana platforma z trzema budkami<\/strong>, z kt\u00f3rych ka\u017cda pe\u0142ni inn\u0105 funkcj\u0119:<\/p>\n\n\n\n<ol class=\"wp-block-list\">\n<li><strong>Z lewej: Centrum \u017bycia.<\/strong> To miejsce dla ptak\u00f3w. Mo\u017ce by\u0107 klasyczn\u0105 budk\u0105 l\u0119gow\u0105, ale dzi\u0119ki technologii druku 3D, \u0142atwo zamienisz j\u0105 w poide\u0142ko lub karmnik. Chcesz zobaczy\u0107 pierwsze kroki piskl\u0105t? Mo\u017cemy wyposa\u017cy\u0107 j\u0105 w kamer\u0119 l\u0119gow\u0105 lub zewn\u0119trzn\u0105 kamer\u0119 na wysi\u0119gniku do obserwacji ptasich uczt.<\/li>\n\n\n\n<li><strong>W centrum: Stra\u017cnik Posesji.<\/strong> Wygl\u0105da jak budka, ale w jej g\u00f3rnej cz\u0119\u015bci ukryty jest &#8222;inteligentny wzrok&#8221;. Kamera skierowana na zewn\u0105trz monitoruje ogr\u00f3d, podjazd lub dzia\u0142k\u0119, dbaj\u0105c o Tw\u00f3j spok\u00f3j.<\/li>\n\n\n\n<li><strong>Z prawej: M\u00f3zg Operacji.<\/strong> Wizualnie nie r\u00f3\u017cni si\u0119 od reszty, ale w \u015brodku kryje zaawansowan\u0105 technologi\u0119: wydajny akumulator, router WiFi oraz modem GSM.<\/li>\n<\/ol>\n\n\n\n<hr class=\"wp-block-separator has-alpha-channel-opacity\"\/>\n\n\n\n<h3 class=\"wp-block-heading\"><strong>Technologia w s\u0142u\u017cbie bezpiecze\u0144stwa<\/strong><\/h3>\n\n\n\n<p>W EkoKamerach nic nie dzieje si\u0119 przez przypadek. Zadbali\u015bmy o to, by system by\u0142 niezawodny:<\/p>\n\n\n\n<ul class=\"wp-block-list\">\n<li><strong>Bezpiecze\u0144stwo danych:<\/strong> Nagrania nie s\u0105 przechowywane lokalnie. Dlaczego? Bo w razie incydentu z\u0142odziej m\u00f3g\u0142by zniszczy\u0107 kart\u0119 pami\u0119ci. Wszystko trafia od razu do <strong>bezpiecznej chmury<\/strong>, a Ty dostajesz powiadomienie na telefon w czasie rzeczywistym.<\/li>\n\n\n\n<li><strong>Energia ze s\u0142o\u0144ca:<\/strong> Do zestawu mo\u017cesz do\u0142\u0105czy\u0107 panel solarny. Latem zapewni pe\u0142n\u0105 autarki\u0119 energetyczn\u0105, a zim\u0105 podtrzyma sprawno\u015b\u0107 akumulator\u00f3w.<\/li>\n\n\n\n<li><strong>Wszystko w aplikacji:<\/strong> Podgl\u0105d na \u017cywo, archiwalne nagrania i powiadomienia o ruchu \u2013 wszystko masz pod r\u0119k\u0105 w swoim smartfonie.<\/li>\n<\/ul>\n\n\n\n<h3 class=\"wp-block-heading\"><strong>R\u0119kodzie\u0142o z sercem dla ptak\u00f3w<\/strong><\/h3>\n\n\n\n<p>Budki l\u0119gowe w projekcie EkoKamery to nie masowa produkcja. To dzie\u0142o wolontariuszy Fundacji EkoOko, wykonane z najwy\u017csz\u0105 staranno\u015bci\u0105:<\/p>\n\n\n\n<ul class=\"wp-block-list\">\n<li><strong>Naturalne materia\u0142y:<\/strong> Tylko pe\u0142nowarto\u015bciowe drewno iglaste (zero odpad\u00f3w!).<\/li>\n\n\n\n<li><strong>Ekologiczna ochrona:<\/strong> Nie u\u017cywamy chemii. Drewno zabezpieczamy metod\u0105 opalania, co nadaje mu trwa\u0142o\u015b\u0107 i wyj\u0105tkowy charakter.<\/li>\n\n\n\n<li><strong>Komfort lokator\u00f3w:<\/strong> Gumowe uszczelki chroni\u0105 przed wilgoci\u0105, a specjalna konstrukcja pozwala na czyszczenie budki po sezonie bez dotykania modu\u0142\u00f3w elektronicznych. Ptaki maj\u0105 sw\u00f3j spok\u00f3j, a Ty sw\u00f3j monitoring.<\/li>\n<\/ul>\n\n\n\n<hr class=\"wp-block-separator has-alpha-channel-opacity\"\/>\n\n\n\n<h3 class=\"wp-block-heading\"><strong>Pomaganie przez obserwowanie \ud83d\udc9a<\/strong><\/h3>\n\n\n\n<p>Wybieraj\u0105c EkoKamery, robisz co\u015b dobrego nie tylko dla siebie.<\/p>\n\n\n\n<p><strong>Wa\u017cne:<\/strong> 100% zysku ze sprzeda\u017cy drewnianych budek l\u0119gowych trafia bezpo\u015brednio do Fundacji EkoOko. Dzi\u0119ki tym \u015brodkom fundacja pomaga dzieciom i m\u0142odzie\u017cy walczy\u0107 z &#8222;deficytem natury&#8221;, ucz\u0105c ich mi\u0142o\u015bci do przyrody i wra\u017cliwo\u015bci na otaczaj\u0105cy nas \u015bwiat.<\/p>\n\n\n\n<p><strong>Chcesz, aby Tw\u00f3j ogr\u00f3d sta\u0142 si\u0119 bezpieczn\u0105 przystani\u0105 dla ptak\u00f3w i nowoczesn\u0105 twierdz\u0105 dla Ciebie?<\/strong><\/p>\n\n\n\n<p>Skontaktuj si\u0119 z nami i skonfiguruj sw\u00f3j zestaw EkoKamery! <\/p>\n\n\n\n<p><\/p>\n","protected":false},"excerpt":{"rendered":"<p>Nasz projekt jest wsp\u00f3lnym przedsi\u0119wzi\u0119ciem firmy SilverLab od lat specjalizuj\u0105cej si\u0119 elektronicznych systemach bezpiecze\u0144stwa, monitoringu i ochrony mienia oraz fundacji edukacyjno-przyrodniczej EkoOko (www.ekoko.pl), dla kt\u00f3rej ka\u017cda sprzeda\u017c jest dotacj\u0105 umo\u017clwiaj\u0105c\u0105 realizacj\u0119 cel\u00f3w statutowych. Co si\u0119 stanie, gdy po\u0142\u0105czymy wieloletnie do\u015bwiadczenie w systemach bezpiecze\u0144stwa z mi\u0142o\u015bci\u0105 do natury? Odpowied\u017a to EkoKamery \u2013 wsp\u00f3lny projekt firmy SilverLab [&hellip;]<\/p>\n","protected":false},"author":1,"featured_media":0,"parent":0,"menu_order":0,"comment_status":"closed","ping_status":"closed","template":"","meta":{"_regular_price":[],"currency_symbol":[],"footnotes":""},"class_list":["post-42","page","type-page","status-publish","hentry"],"post_slider_layout_featured_media_urls":{"thumbnail":"","post_slider_layout_landscape_large":"","post_slider_layout_portrait_large":"","post_slider_layout_square_large":"","post_slider_layout_landscape":"","post_slider_layout_portrait":"","post_slider_layout_square":"","full":""},"_links":{"self":[{"href":"https:\/\/ekokamery.pl\/index.php?rest_route=\/wp\/v2\/pages\/42","targetHints":{"allow":["GET"]}}],"collection":[{"href":"https:\/\/ekokamery.pl\/index.php?rest_route=\/wp\/v2\/pages"}],"about":[{"href":"https:\/\/ekokamery.pl\/index.php?rest_route=\/wp\/v2\/types\/page"}],"author":[{"embeddable":true,"href":"https:\/\/ekokamery.pl\/index.php?rest_route=\/wp\/v2\/users\/1"}],"replies":[{"embeddable":true,"href":"https:\/\/ekokamery.pl\/index.php?rest_route=%2Fwp%2Fv2%2Fcomments&post=42"}],"version-history":[{"count":3,"href":"https:\/\/ekokamery.pl\/index.php?rest_route=\/wp\/v2\/pages\/42\/revisions"}],"predecessor-version":[{"id":59,"href":"https:\/\/ekokamery.pl\/index.php?rest_route=\/wp\/v2\/pages\/42\/revisions\/59"}],"wp:attachment":[{"href":"https:\/\/ekokamery.pl\/index.php?rest_route=%2Fwp%2Fv2%2Fmedia&parent=42"}],"curies":[{"name":"wp","href":"https:\/\/api.w.org\/{rel}","templated":true}]}}